{"id":10,"date":"2024-08-29T11:27:31","date_gmt":"2024-08-29T11:27:31","guid":{"rendered":"https:\/\/revolutionsoft.shop\/?page_id=10"},"modified":"2026-02-17T11:14:46","modified_gmt":"2026-02-17T11:14:46","slug":"aviso-legal","status":"publish","type":"page","link":"https:\/\/irenepalomares.com\/en\/aviso-legal\/","title":{"rendered":"Legal Notice"},"content":{"rendered":"<div data-elementor-type=\"wp-page\" data-elementor-id=\"10\" class=\"elementor elementor-10\" data-elementor-post-type=\"page\">\n\t\t\t\t<div data-particle_enable=\"false\" data-particle-mobile-disabled=\"false\" class=\"elementor-element elementor-element-7b9dc12b e-flex e-con-boxed e-con e-parent\" data-id=\"7b9dc12b\" data-element_type=\"container\" data-e-type=\"container\">\n\t\t\t\t\t<div class=\"e-con-inner\">\n\t\t\t\t<div class=\"elementor-element elementor-element-35241592 elementor-widget elementor-widget-text-editor\" data-id=\"35241592\" data-element_type=\"widget\" data-e-type=\"widget\" data-widget_type=\"text-editor.default\">\n\t\t\t\t<div class=\"elementor-widget-container\">\n\t\t\t\t\t\t\t\t\t<p>In compliance with the provisions of Law 34\/2002, of July 11, on Services of the Information Society and Electronic Commerce (LSSI-CE), the following legal aspects of this website are reported:<\/p><h4>Website Ownership<\/h4><ul><li><strong>Company name<\/strong>: Irene Palomares Galician<\/li><li><strong>CIF<\/strong>: 03930962D<\/li><li><strong>Tax and registered office<\/strong>: 28660 &#8211; Boadilla del Monte<\/li><li><strong>Email:<\/strong> <a href=\"mailto:ipgallego@icloud.com\">ipgallego@icloud.com<\/a>\u00a0<\/li><\/ul><h4>Terms of use<\/h4><p>Access to and use of the Irene Palomares Gallego website confers the status of user, and implies full and unreserved acceptance of each and every one of the provisions included in this Legal Notice, in the version published by Irene Palomares Gallego at the same time that the user accesses the website.<\/p><h4>Intellectual and Industrial Property<\/h4><p>All website content, including but not limited to text, photographs, graphics, images, icons, technology, software, and other audiovisual or sound content, as well as its graphic design and source code, is the intellectual property of Irene Palomares Gallego, and no exploitation rights are granted to the user beyond what is strictly necessary for the proper use of the website.<\/p><h4>Data Protection<\/h4><p>Irene Palomares Gallego complies with current data protection regulations and ensures the correct management of personal data that may be collected through contact forms on the website, in accordance with the provisions of Regulation (EU) 2016\/679 (General Data Protection Regulation).<\/p><h4>Content Responsibility<\/h4><p>Irene Palomares Gallego is not responsible for the legality of other third-party websites that may link to this website. Nor is she responsible for the legality of other third-party websites that may be linked to or from this website.<\/p><h4>Applicable Law and Jurisdiction<\/h4><p>The relationship between Irene Palomares Gallego and the user will be governed by current Spanish legislation, and any dispute will be submitted to the Courts and Tribunals of the city of Madrid, unless applicable legislation provides otherwise.<\/p><hr \/><p>For more information or any questions regarding this Legal Notice, please contact us via email: <a href=\"mailto:ipgallego@icloud.com\">ipgallego@icloud.com\u00a0<\/a><\/p>\t\t\t\t\t\t\t\t<\/div>\n\t\t\t\t<\/div>\n\t\t\t\t\t<\/div>\n\t\t\t\t<\/div>\n\t\t\t\t<\/div>","protected":false},"excerpt":{"rendered":"<p>En cumplimiento con lo dispuesto en la Ley 34\/2002, de 11 de julio, de Servicios de la Sociedad de la Informaci\u00f3n y de Comercio Electr\u00f3nico (LSSI-CE), se informa de los siguientes aspectos legales de este sitio web: Titularidad del Sitio Web Raz\u00f3n social: Irene Palomares Gallego CIF: 03930962D Domicilio fiscal y social: 28660 &#8211; Boadilla [&hellip;]<\/p>\n","protected":false},"author":1,"featured_media":0,"parent":0,"menu_order":0,"comment_status":"closed","ping_status":"closed","template":"","meta":{"pmpro_default_level":"","site-sidebar-layout":"default","site-content-layout":"","ast-site-content-layout":"default","site-content-style":"default","site-sidebar-style":"default","ast-global-header-display":"","ast-banner-title-visibility":"","ast-main-header-display":"","ast-hfb-above-header-display":"","ast-hfb-below-header-display":"","ast-hfb-mobile-header-display":"","site-post-title":"disabled","ast-breadcrumbs-content":"","ast-featured-img":"","footer-sml-layout":"","ast-disable-related-posts":"","theme-transparent-header-meta":"default","adv-header-id-meta":"","stick-header-meta":"","header-above-stick-meta":"","header-main-stick-meta":"","header-below-stick-meta":"","astra-migrate-meta-layouts":"set","ast-page-background-enabled":"default","ast-page-background-meta":{"desktop":{"background-color":"var(--ast-global-color-4)","background-image":"","background-repeat":"repeat","background-position":"center center","background-size":"auto","background-attachment":"scroll","background-type":"","background-media":"","overlay-type":"","overlay-color":"","overlay-opacity":"","overlay-gradient":""},"tablet":{"background-color":"","background-image":"","background-repeat":"repeat","background-position":"center center","background-size":"auto","background-attachment":"scroll","background-type":"","background-media":"","overlay-type":"","overlay-color":"","overlay-opacity":"","overlay-gradient":""},"mobile":{"background-color":"","background-image":"","background-repeat":"repeat","background-position":"center center","background-size":"auto","background-attachment":"scroll","background-type":"","background-media":"","overlay-type":"","overlay-color":"","overlay-opacity":"","overlay-gradient":""}},"ast-content-background-meta":{"desktop":{"background-color":"var(--ast-global-color-5)","background-image":"","background-repeat":"repeat","background-position":"center center","background-size":"auto","background-attachment":"scroll","background-type":"","background-media":"","overlay-type":"","overlay-color":"","overlay-opacity":"","overlay-gradient":""},"tablet":{"background-color":"var(--ast-global-color-5)","background-image":"","background-repeat":"repeat","background-position":"center center","background-size":"auto","background-attachment":"scroll","background-type":"","background-media":"","overlay-type":"","overlay-color":"","overlay-opacity":"","overlay-gradient":""},"mobile":{"background-color":"var(--ast-global-color-5)","background-image":"","background-repeat":"repeat","background-position":"center center","background-size":"auto","background-attachment":"scroll","background-type":"","background-media":"","overlay-type":"","overlay-color":"","overlay-opacity":"","overlay-gradient":""}},"footnotes":""},"class_list":["post-10","page","type-page","status-publish","hentry","pmpro-has-access"],"yoast_head":"<!-- This site is optimized with the Yoast SEO plugin v27.3 - https:\/\/yoast.com\/product\/yoast-seo-wordpress\/ -->\n<title>Aviso Legal - Irene Palomares | Bailarina de Salsa Profesional<\/title>\n<meta name=\"robots\" content=\"noindex, follow\" \/>\n<meta property=\"og:locale\" content=\"en_US\" \/>\n<meta property=\"og:type\" content=\"article\" \/>\n<meta property=\"og:title\" content=\"Aviso Legal - Irene Palomares | Bailarina de Salsa Profesional\" \/>\n<meta property=\"og:description\" content=\"En cumplimiento con lo dispuesto en la Ley 34\/2002, de 11 de julio, de Servicios de la Sociedad de la Informaci\u00f3n y de Comercio Electr\u00f3nico (LSSI-CE), se informa de los siguientes aspectos legales de este sitio web: Titularidad del Sitio Web Raz\u00f3n social: Irene Palomares Gallego CIF: 03930962D Domicilio fiscal y social: 28660 &#8211; Boadilla [&hellip;]\" \/>\n<meta property=\"og:url\" content=\"https:\/\/irenepalomares.com\/en\/aviso-legal\/\" \/>\n<meta property=\"og:site_name\" content=\"Irene Palomares | Bailarina de Salsa Profesional\" \/>\n<meta property=\"article:modified_time\" content=\"2026-02-17T11:14:46+00:00\" \/>\n<meta name=\"twitter:card\" content=\"summary_large_image\" \/>\n<meta name=\"twitter:label1\" content=\"Est. reading time\" \/>\n\t<meta name=\"twitter:data1\" content=\"2 minutes\" \/>\n<script type=\"application\/ld+json\" class=\"yoast-schema-graph\">{\"@context\":\"https:\\\/\\\/schema.org\",\"@graph\":[{\"@type\":\"WebPage\",\"@id\":\"https:\\\/\\\/irenepalomares.com\\\/aviso-legal\\\/\",\"url\":\"https:\\\/\\\/irenepalomares.com\\\/aviso-legal\\\/\",\"name\":\"Aviso Legal - Irene Palomares | Bailarina de Salsa Profesional\",\"isPartOf\":{\"@id\":\"https:\\\/\\\/irenepalomares.com\\\/#website\"},\"datePublished\":\"2024-08-29T11:27:31+00:00\",\"dateModified\":\"2026-02-17T11:14:46+00:00\",\"breadcrumb\":{\"@id\":\"https:\\\/\\\/irenepalomares.com\\\/aviso-legal\\\/#breadcrumb\"},\"inLanguage\":\"en-US\",\"potentialAction\":[{\"@type\":\"ReadAction\",\"target\":[\"https:\\\/\\\/irenepalomares.com\\\/aviso-legal\\\/\"]}]},{\"@type\":\"BreadcrumbList\",\"@id\":\"https:\\\/\\\/irenepalomares.com\\\/aviso-legal\\\/#breadcrumb\",\"itemListElement\":[{\"@type\":\"ListItem\",\"position\":1,\"name\":\"Portada\",\"item\":\"https:\\\/\\\/irenepalomares.com\\\/\"},{\"@type\":\"ListItem\",\"position\":2,\"name\":\"Aviso Legal\"}]},{\"@type\":\"WebSite\",\"@id\":\"https:\\\/\\\/irenepalomares.com\\\/#website\",\"url\":\"https:\\\/\\\/irenepalomares.com\\\/\",\"name\":\"Irene Palomares | Bailarina de Salsa Profesional\",\"description\":\"Bailarina de salsa profesional. Clases presenciales, online en directo y online en diferido, para que aprendas a tu ritmo y disfrutes del baile donde y cuando quieras.\",\"publisher\":{\"@id\":\"https:\\\/\\\/irenepalomares.com\\\/#organization\"},\"potentialAction\":[{\"@type\":\"SearchAction\",\"target\":{\"@type\":\"EntryPoint\",\"urlTemplate\":\"https:\\\/\\\/irenepalomares.com\\\/?s={search_term_string}\"},\"query-input\":{\"@type\":\"PropertyValueSpecification\",\"valueRequired\":true,\"valueName\":\"search_term_string\"}}],\"inLanguage\":\"en-US\"},{\"@type\":\"Organization\",\"@id\":\"https:\\\/\\\/irenepalomares.com\\\/#organization\",\"name\":\"Irene Palomares | Bailarina de Salsa Profesional\",\"url\":\"https:\\\/\\\/irenepalomares.com\\\/\",\"logo\":{\"@type\":\"ImageObject\",\"inLanguage\":\"en-US\",\"@id\":\"https:\\\/\\\/irenepalomares.com\\\/#\\\/schema\\\/logo\\\/image\\\/\",\"url\":\"https:\\\/\\\/irenepalomares.com\\\/wp-content\\\/uploads\\\/2025\\\/10\\\/Mesa-de-trabajo-9-8.png\",\"contentUrl\":\"https:\\\/\\\/irenepalomares.com\\\/wp-content\\\/uploads\\\/2025\\\/10\\\/Mesa-de-trabajo-9-8.png\",\"width\":803,\"height\":308,\"caption\":\"Irene Palomares | Bailarina de Salsa Profesional\"},\"image\":{\"@id\":\"https:\\\/\\\/irenepalomares.com\\\/#\\\/schema\\\/logo\\\/image\\\/\"}}]}<\/script>\n<!-- \/ Yoast SEO plugin. -->","yoast_head_json":{"title":"Aviso Legal - Irene Palomares | Bailarina de Salsa Profesional","robots":{"index":"noindex","follow":"follow"},"og_locale":"en_US","og_type":"article","og_title":"Aviso Legal - Irene Palomares | Bailarina de Salsa Profesional","og_description":"En cumplimiento con lo dispuesto en la Ley 34\/2002, de 11 de julio, de Servicios de la Sociedad de la Informaci\u00f3n y de Comercio Electr\u00f3nico (LSSI-CE), se informa de los siguientes aspectos legales de este sitio web: Titularidad del Sitio Web Raz\u00f3n social: Irene Palomares Gallego CIF: 03930962D Domicilio fiscal y social: 28660 &#8211; Boadilla [&hellip;]","og_url":"https:\/\/irenepalomares.com\/en\/aviso-legal\/","og_site_name":"Irene Palomares | Bailarina de Salsa Profesional","article_modified_time":"2026-02-17T11:14:46+00:00","twitter_card":"summary_large_image","twitter_misc":{"Est. reading time":"2 minutes"},"schema":{"@context":"https:\/\/schema.org","@graph":[{"@type":"WebPage","@id":"https:\/\/irenepalomares.com\/aviso-legal\/","url":"https:\/\/irenepalomares.com\/aviso-legal\/","name":"Aviso Legal - Irene Palomares | Bailarina de Salsa Profesional","isPartOf":{"@id":"https:\/\/irenepalomares.com\/#website"},"datePublished":"2024-08-29T11:27:31+00:00","dateModified":"2026-02-17T11:14:46+00:00","breadcrumb":{"@id":"https:\/\/irenepalomares.com\/aviso-legal\/#breadcrumb"},"inLanguage":"en-US","potentialAction":[{"@type":"ReadAction","target":["https:\/\/irenepalomares.com\/aviso-legal\/"]}]},{"@type":"BreadcrumbList","@id":"https:\/\/irenepalomares.com\/aviso-legal\/#breadcrumb","itemListElement":[{"@type":"ListItem","position":1,"name":"Portada","item":"https:\/\/irenepalomares.com\/"},{"@type":"ListItem","position":2,"name":"Aviso Legal"}]},{"@type":"WebSite","@id":"https:\/\/irenepalomares.com\/#website","url":"https:\/\/irenepalomares.com\/","name":"Irene Palomares | Bailarina de Salsa Profesional","description":"Bailarina de salsa profesional. Clases presenciales, online en directo y online en diferido, para que aprendas a tu ritmo y disfrutes del baile donde y cuando quieras.","publisher":{"@id":"https:\/\/irenepalomares.com\/#organization"},"potentialAction":[{"@type":"SearchAction","target":{"@type":"EntryPoint","urlTemplate":"https:\/\/irenepalomares.com\/?s={search_term_string}"},"query-input":{"@type":"PropertyValueSpecification","valueRequired":true,"valueName":"search_term_string"}}],"inLanguage":"en-US"},{"@type":"Organization","@id":"https:\/\/irenepalomares.com\/#organization","name":"Irene Palomares | Bailarina de Salsa Profesional","url":"https:\/\/irenepalomares.com\/","logo":{"@type":"ImageObject","inLanguage":"en-US","@id":"https:\/\/irenepalomares.com\/#\/schema\/logo\/image\/","url":"https:\/\/irenepalomares.com\/wp-content\/uploads\/2025\/10\/Mesa-de-trabajo-9-8.png","contentUrl":"https:\/\/irenepalomares.com\/wp-content\/uploads\/2025\/10\/Mesa-de-trabajo-9-8.png","width":803,"height":308,"caption":"Irene Palomares | Bailarina de Salsa Profesional"},"image":{"@id":"https:\/\/irenepalomares.com\/#\/schema\/logo\/image\/"}}]}},"_links":{"self":[{"href":"https:\/\/irenepalomares.com\/en\/wp-json\/wp\/v2\/pages\/10","targetHints":{"allow":["GET"]}}],"collection":[{"href":"https:\/\/irenepalomares.com\/en\/wp-json\/wp\/v2\/pages"}],"about":[{"href":"https:\/\/irenepalomares.com\/en\/wp-json\/wp\/v2\/types\/page"}],"author":[{"embeddable":true,"href":"https:\/\/irenepalomares.com\/en\/wp-json\/wp\/v2\/users\/1"}],"replies":[{"embeddable":true,"href":"https:\/\/irenepalomares.com\/en\/wp-json\/wp\/v2\/comments?post=10"}],"version-history":[{"count":20,"href":"https:\/\/irenepalomares.com\/en\/wp-json\/wp\/v2\/pages\/10\/revisions"}],"predecessor-version":[{"id":3726,"href":"https:\/\/irenepalomares.com\/en\/wp-json\/wp\/v2\/pages\/10\/revisions\/3726"}],"wp:attachment":[{"href":"https:\/\/irenepalomares.com\/en\/wp-json\/wp\/v2\/media?parent=10"}],"curies":[{"name":"wp","href":"https:\/\/api.w.org\/{rel}","templated":true}]}}