{"id":12,"date":"2024-08-29T11:28:24","date_gmt":"2024-08-29T11:28:24","guid":{"rendered":"https:\/\/revolutionsoft.shop\/?page_id=12"},"modified":"2026-02-17T11:15:19","modified_gmt":"2026-02-17T11:15:19","slug":"politica-cookies","status":"publish","type":"page","link":"https:\/\/irenepalomares.com\/en\/politica-cookies\/","title":{"rendered":"Cookies Policy"},"content":{"rendered":"<div data-elementor-type=\"wp-page\" data-elementor-id=\"12\" class=\"elementor elementor-12\" data-elementor-post-type=\"page\">\n\t\t\t\t<div data-particle_enable=\"false\" data-particle-mobile-disabled=\"false\" class=\"elementor-element elementor-element-3a289d06 e-flex e-con-boxed e-con e-parent\" data-id=\"3a289d06\" data-element_type=\"container\" data-e-type=\"container\">\n\t\t\t\t\t<div class=\"e-con-inner\">\n\t\t\t\t<div class=\"elementor-element elementor-element-659a9e22 elementor-widget elementor-widget-text-editor\" data-id=\"659a9e22\" data-element_type=\"widget\" data-e-type=\"widget\" data-widget_type=\"text-editor.default\">\n\t\t\t\t<div class=\"elementor-widget-container\">\n\t\t\t\t\t\t\t\t\t<p>On the website of <strong>Irene Palomares Galician<\/strong>\u00a0we use cookies to improve the user experience, easy navigation and optimize the performance of our site. Below, we explain what cookies are, what types of cookies do we use and how you can manage them.<\/p><h4>What are Cookies?<\/h4><p>Cookies are small text files which are stored on a user's device (computer, smartphone, tablet, etc) when you visit a website. These cookies allow the website to remember information about your visit, such as preferred language, the products that you have added to the shopping cart, or your browsing preferences.<\/p><h4>Types of Cookies Used<\/h4><ol><li><strong>Technical Cookies or strictly Necessary<\/strong>:<br \/>These cookies are essential to the operation of the website and allow the user to navigate the site and to use its basic functions, such as access to secure areas or processing of an order.<\/li><li><strong>Cookies Preferences<\/strong>:<br \/>Remembers the user's preferences, such as language or regional settings, to enhance the experience on future visits.<\/li><li><strong>Cookies of Analysis or Performance<\/strong>:<br \/>These cookies collect information on how users interact with the website, such as the pages most visited, the links you click, or the time they spend on the site. This information helps us to improve the performance and functionality of the website.<\/li><li><strong>Advertising Cookies or Marketing<\/strong>:<br \/>We use these cookies to display more relevant ads to users based on their interests, both on our site and on other web sites. These cookies also limit the number of times a user sees an ad and help us measure the effectiveness of our advertising campaigns.<\/li><li><strong>Third party Cookies<\/strong>:<br \/>In some sections of our site can be installed third-party cookies, such as Google Analytics, to data analysis and social networks (such as share buttons). These cookies are managed by third parties and not by <span style=\"text-decoration: underline;\"><em>Phygitalbond SL<\/em><\/span><\/li><\/ol><h4>How can I manage Cookies?<\/h4><p>When you access our website for the first time, you will see a banner of cookies that will allow you to accept or configure the use of cookies in accordance with your preferences. At any time, you can manage your cookie preferences through the settings of your browser:<\/p><ul><li><strong>Google Chrome<\/strong>: https:\/\/support.google.com\/chrome\/answer\/95647?hl=es<\/li><li><strong>Mozilla Firefox<\/strong>: https:\/\/support.mozilla.org\/es\/kb\/habilitar-y-deshabilitar-cookies-sitios-web-rastrear-preferencias<\/li><li><strong>Safari<\/strong>: https:\/\/support.apple.com\/es-es\/guide\/safari\/sfri11471\/mac<\/li><li><strong>Microsoft Edge<\/strong>: https:\/\/support.microsoft.com\/es-es\/microsoft-edge\/borrar-las-cookies-en-microsoft-edge-63947406-40ac-c3b8-57b9-2a946a29ae09<\/li><\/ul><p>If you disable cookies, some features of our site may not work correctly or the user experience is affected.<\/p><h4>Cookies used on this website<\/h4><p>Below, we offer a list of the main cookies used on our site:<\/p><table><thead><tr><th><strong>Name of the cookie<\/strong><\/th><th><strong>Provider<\/strong><\/th><th><strong>Purpose<\/strong><\/th><th><strong>Duration<\/strong><\/th><\/tr><\/thead><tbody><tr><td>CookieConsent<\/td><td>Own<\/td><td>Stores the consent of all cookies on the user<\/td><td>1 year<\/td><\/tr><tr><td>_ga<\/td><td>Google<\/td><td>Used to distinguish users<\/td><td>2 years<\/td><\/tr><tr><td>_gid<\/td><td>Google<\/td><td>Used to distinguish users<\/td><td>24 hours<\/td><\/tr><tr><td>_gat<\/td><td>Google<\/td><td>It is used to limit the percentage of requests<\/td><td>1 minute<\/td><\/tr><\/tbody><\/table><h4>Updates and changes to the Cookie Policy<\/h4><p>Irene Palomares Galician reserves the right to change this Cookie Policy at any time. Any changes will be posted on this website. We encourage you to review this policy periodically to stay informed about how we use cookies.<\/p><h4>Contact<\/h4><p>If you have any questions about our Cookie Policy, you can get in touch with us on <a style=\"font-size: 16px; background-color: #ffffff;\" href=\"mailto:info@irenepalomares.com\">info@irenepalomares.com<\/a><\/p>\t\t\t\t\t\t\t\t<\/div>\n\t\t\t\t<\/div>\n\t\t\t\t\t<\/div>\n\t\t\t\t<\/div>\n\t\t\t\t<\/div>","protected":false},"excerpt":{"rendered":"<p>En el sitio web de Irene Palomares Gallego\u00a0utilizamos cookies para mejorar la experiencia de los usuarios, facilitar la navegaci\u00f3n y optimizar el rendimiento de nuestro sitio web. A continuaci\u00f3n, te explicamos qu\u00e9 son las cookies, qu\u00e9 tipo de cookies utilizamos y c\u00f3mo puedes gestionarlas. \u00bfQu\u00e9 son las Cookies? Las cookies son peque\u00f1os archivos de texto [&hellip;]<\/p>\n","protected":false},"author":1,"featured_media":0,"parent":0,"menu_order":0,"comment_status":"closed","ping_status":"closed","template":"","meta":{"pmpro_default_level":"","site-sidebar-layout":"default","site-content-layout":"","ast-site-content-layout":"default","site-content-style":"default","site-sidebar-style":"default","ast-global-header-display":"","ast-banner-title-visibility":"","ast-main-header-display":"","ast-hfb-above-header-display":"","ast-hfb-below-header-display":"","ast-hfb-mobile-header-display":"","site-post-title":"disabled","ast-breadcrumbs-content":"","ast-featured-img":"","footer-sml-layout":"","ast-disable-related-posts":"","theme-transparent-header-meta":"default","adv-header-id-meta":"","stick-header-meta":"","header-above-stick-meta":"","header-main-stick-meta":"","header-below-stick-meta":"","astra-migrate-meta-layouts":"set","ast-page-background-enabled":"default","ast-page-background-meta":{"desktop":{"background-color":"var(--ast-global-color-4)","background-image":"","background-repeat":"repeat","background-position":"center center","background-size":"auto","background-attachment":"scroll","background-type":"","background-media":"","overlay-type":"","overlay-color":"","overlay-opacity":"","overlay-gradient":""},"tablet":{"background-color":"","background-image":"","background-repeat":"repeat","background-position":"center center","background-size":"auto","background-attachment":"scroll","background-type":"","background-media":"","overlay-type":"","overlay-color":"","overlay-opacity":"","overlay-gradient":""},"mobile":{"background-color":"","background-image":"","background-repeat":"repeat","background-position":"center center","background-size":"auto","background-attachment":"scroll","background-type":"","background-media":"","overlay-type":"","overlay-color":"","overlay-opacity":"","overlay-gradient":""}},"ast-content-background-meta":{"desktop":{"background-color":"var(--ast-global-color-5)","background-image":"","background-repeat":"repeat","background-position":"center center","background-size":"auto","background-attachment":"scroll","background-type":"","background-media":"","overlay-type":"","overlay-color":"","overlay-opacity":"","overlay-gradient":""},"tablet":{"background-color":"var(--ast-global-color-5)","background-image":"","background-repeat":"repeat","background-position":"center center","background-size":"auto","background-attachment":"scroll","background-type":"","background-media":"","overlay-type":"","overlay-color":"","overlay-opacity":"","overlay-gradient":""},"mobile":{"background-color":"var(--ast-global-color-5)","background-image":"","background-repeat":"repeat","background-position":"center center","background-size":"auto","background-attachment":"scroll","background-type":"","background-media":"","overlay-type":"","overlay-color":"","overlay-opacity":"","overlay-gradient":""}},"footnotes":""},"class_list":["post-12","page","type-page","status-publish","hentry","pmpro-has-access"],"yoast_head":"<!-- This site is optimized with the Yoast SEO plugin v27.3 - https:\/\/yoast.com\/product\/yoast-seo-wordpress\/ -->\n<title>Pol\u00edtica de Cookies - Irene Palomares | Bailarina de Salsa Profesional<\/title>\n<meta name=\"robots\" content=\"noindex, follow\" \/>\n<meta property=\"og:locale\" content=\"en_US\" \/>\n<meta property=\"og:type\" content=\"article\" \/>\n<meta property=\"og:title\" content=\"Pol\u00edtica de Cookies - Irene Palomares | Bailarina de Salsa Profesional\" \/>\n<meta property=\"og:description\" content=\"En el sitio web de Irene Palomares Gallego\u00a0utilizamos cookies para mejorar la experiencia de los usuarios, facilitar la navegaci\u00f3n y optimizar el rendimiento de nuestro sitio web. A continuaci\u00f3n, te explicamos qu\u00e9 son las cookies, qu\u00e9 tipo de cookies utilizamos y c\u00f3mo puedes gestionarlas. \u00bfQu\u00e9 son las Cookies? Las cookies son peque\u00f1os archivos de texto [&hellip;]\" \/>\n<meta property=\"og:url\" content=\"https:\/\/irenepalomares.com\/en\/politica-cookies\/\" \/>\n<meta property=\"og:site_name\" content=\"Irene Palomares | Bailarina de Salsa Profesional\" \/>\n<meta property=\"article:modified_time\" content=\"2026-02-17T11:15:19+00:00\" \/>\n<meta name=\"twitter:card\" content=\"summary_large_image\" \/>\n<meta name=\"twitter:label1\" content=\"Est. reading time\" \/>\n\t<meta name=\"twitter:data1\" content=\"3 minutes\" \/>\n<script type=\"application\/ld+json\" class=\"yoast-schema-graph\">{\"@context\":\"https:\\\/\\\/schema.org\",\"@graph\":[{\"@type\":\"WebPage\",\"@id\":\"https:\\\/\\\/irenepalomares.com\\\/politica-cookies\\\/\",\"url\":\"https:\\\/\\\/irenepalomares.com\\\/politica-cookies\\\/\",\"name\":\"Pol\u00edtica de Cookies - Irene Palomares | Bailarina de Salsa Profesional\",\"isPartOf\":{\"@id\":\"https:\\\/\\\/irenepalomares.com\\\/#website\"},\"datePublished\":\"2024-08-29T11:28:24+00:00\",\"dateModified\":\"2026-02-17T11:15:19+00:00\",\"breadcrumb\":{\"@id\":\"https:\\\/\\\/irenepalomares.com\\\/politica-cookies\\\/#breadcrumb\"},\"inLanguage\":\"en-US\",\"potentialAction\":[{\"@type\":\"ReadAction\",\"target\":[\"https:\\\/\\\/irenepalomares.com\\\/politica-cookies\\\/\"]}]},{\"@type\":\"BreadcrumbList\",\"@id\":\"https:\\\/\\\/irenepalomares.com\\\/politica-cookies\\\/#breadcrumb\",\"itemListElement\":[{\"@type\":\"ListItem\",\"position\":1,\"name\":\"Portada\",\"item\":\"https:\\\/\\\/irenepalomares.com\\\/\"},{\"@type\":\"ListItem\",\"position\":2,\"name\":\"Pol\u00edtica de Cookies\"}]},{\"@type\":\"WebSite\",\"@id\":\"https:\\\/\\\/irenepalomares.com\\\/#website\",\"url\":\"https:\\\/\\\/irenepalomares.com\\\/\",\"name\":\"Irene Palomares | Bailarina de Salsa Profesional\",\"description\":\"Bailarina de salsa profesional. Clases presenciales, online en directo y online en diferido, para que aprendas a tu ritmo y disfrutes del baile donde y cuando quieras.\",\"publisher\":{\"@id\":\"https:\\\/\\\/irenepalomares.com\\\/#organization\"},\"potentialAction\":[{\"@type\":\"SearchAction\",\"target\":{\"@type\":\"EntryPoint\",\"urlTemplate\":\"https:\\\/\\\/irenepalomares.com\\\/?s={search_term_string}\"},\"query-input\":{\"@type\":\"PropertyValueSpecification\",\"valueRequired\":true,\"valueName\":\"search_term_string\"}}],\"inLanguage\":\"en-US\"},{\"@type\":\"Organization\",\"@id\":\"https:\\\/\\\/irenepalomares.com\\\/#organization\",\"name\":\"Irene Palomares | Bailarina de Salsa Profesional\",\"url\":\"https:\\\/\\\/irenepalomares.com\\\/\",\"logo\":{\"@type\":\"ImageObject\",\"inLanguage\":\"en-US\",\"@id\":\"https:\\\/\\\/irenepalomares.com\\\/#\\\/schema\\\/logo\\\/image\\\/\",\"url\":\"https:\\\/\\\/irenepalomares.com\\\/wp-content\\\/uploads\\\/2025\\\/10\\\/Mesa-de-trabajo-9-8.png\",\"contentUrl\":\"https:\\\/\\\/irenepalomares.com\\\/wp-content\\\/uploads\\\/2025\\\/10\\\/Mesa-de-trabajo-9-8.png\",\"width\":803,\"height\":308,\"caption\":\"Irene Palomares | Bailarina de Salsa Profesional\"},\"image\":{\"@id\":\"https:\\\/\\\/irenepalomares.com\\\/#\\\/schema\\\/logo\\\/image\\\/\"}}]}<\/script>\n<!-- \/ Yoast SEO plugin. -->","yoast_head_json":{"title":"Pol\u00edtica de Cookies - Irene Palomares | Bailarina de Salsa Profesional","robots":{"index":"noindex","follow":"follow"},"og_locale":"en_US","og_type":"article","og_title":"Pol\u00edtica de Cookies - Irene Palomares | Bailarina de Salsa Profesional","og_description":"En el sitio web de Irene Palomares Gallego\u00a0utilizamos cookies para mejorar la experiencia de los usuarios, facilitar la navegaci\u00f3n y optimizar el rendimiento de nuestro sitio web. A continuaci\u00f3n, te explicamos qu\u00e9 son las cookies, qu\u00e9 tipo de cookies utilizamos y c\u00f3mo puedes gestionarlas. \u00bfQu\u00e9 son las Cookies? Las cookies son peque\u00f1os archivos de texto [&hellip;]","og_url":"https:\/\/irenepalomares.com\/en\/politica-cookies\/","og_site_name":"Irene Palomares | Bailarina de Salsa Profesional","article_modified_time":"2026-02-17T11:15:19+00:00","twitter_card":"summary_large_image","twitter_misc":{"Est. reading time":"3 minutes"},"schema":{"@context":"https:\/\/schema.org","@graph":[{"@type":"WebPage","@id":"https:\/\/irenepalomares.com\/politica-cookies\/","url":"https:\/\/irenepalomares.com\/politica-cookies\/","name":"Pol\u00edtica de Cookies - Irene Palomares | Bailarina de Salsa Profesional","isPartOf":{"@id":"https:\/\/irenepalomares.com\/#website"},"datePublished":"2024-08-29T11:28:24+00:00","dateModified":"2026-02-17T11:15:19+00:00","breadcrumb":{"@id":"https:\/\/irenepalomares.com\/politica-cookies\/#breadcrumb"},"inLanguage":"en-US","potentialAction":[{"@type":"ReadAction","target":["https:\/\/irenepalomares.com\/politica-cookies\/"]}]},{"@type":"BreadcrumbList","@id":"https:\/\/irenepalomares.com\/politica-cookies\/#breadcrumb","itemListElement":[{"@type":"ListItem","position":1,"name":"Portada","item":"https:\/\/irenepalomares.com\/"},{"@type":"ListItem","position":2,"name":"Pol\u00edtica de Cookies"}]},{"@type":"WebSite","@id":"https:\/\/irenepalomares.com\/#website","url":"https:\/\/irenepalomares.com\/","name":"Irene Palomares | Bailarina de Salsa Profesional","description":"Bailarina de salsa profesional. Clases presenciales, online en directo y online en diferido, para que aprendas a tu ritmo y disfrutes del baile donde y cuando quieras.","publisher":{"@id":"https:\/\/irenepalomares.com\/#organization"},"potentialAction":[{"@type":"SearchAction","target":{"@type":"EntryPoint","urlTemplate":"https:\/\/irenepalomares.com\/?s={search_term_string}"},"query-input":{"@type":"PropertyValueSpecification","valueRequired":true,"valueName":"search_term_string"}}],"inLanguage":"en-US"},{"@type":"Organization","@id":"https:\/\/irenepalomares.com\/#organization","name":"Irene Palomares | Bailarina de Salsa Profesional","url":"https:\/\/irenepalomares.com\/","logo":{"@type":"ImageObject","inLanguage":"en-US","@id":"https:\/\/irenepalomares.com\/#\/schema\/logo\/image\/","url":"https:\/\/irenepalomares.com\/wp-content\/uploads\/2025\/10\/Mesa-de-trabajo-9-8.png","contentUrl":"https:\/\/irenepalomares.com\/wp-content\/uploads\/2025\/10\/Mesa-de-trabajo-9-8.png","width":803,"height":308,"caption":"Irene Palomares | Bailarina de Salsa Profesional"},"image":{"@id":"https:\/\/irenepalomares.com\/#\/schema\/logo\/image\/"}}]}},"_links":{"self":[{"href":"https:\/\/irenepalomares.com\/en\/wp-json\/wp\/v2\/pages\/12","targetHints":{"allow":["GET"]}}],"collection":[{"href":"https:\/\/irenepalomares.com\/en\/wp-json\/wp\/v2\/pages"}],"about":[{"href":"https:\/\/irenepalomares.com\/en\/wp-json\/wp\/v2\/types\/page"}],"author":[{"embeddable":true,"href":"https:\/\/irenepalomares.com\/en\/wp-json\/wp\/v2\/users\/1"}],"replies":[{"embeddable":true,"href":"https:\/\/irenepalomares.com\/en\/wp-json\/wp\/v2\/comments?post=12"}],"version-history":[{"count":11,"href":"https:\/\/irenepalomares.com\/en\/wp-json\/wp\/v2\/pages\/12\/revisions"}],"predecessor-version":[{"id":3732,"href":"https:\/\/irenepalomares.com\/en\/wp-json\/wp\/v2\/pages\/12\/revisions\/3732"}],"wp:attachment":[{"href":"https:\/\/irenepalomares.com\/en\/wp-json\/wp\/v2\/media?parent=12"}],"curies":[{"name":"wp","href":"https:\/\/api.w.org\/{rel}","templated":true}]}}