{"id":3,"date":"2024-08-28T12:05:53","date_gmt":"2024-08-28T12:05:53","guid":{"rendered":"https:\/\/revolutionsoft.shop\/?page_id=3"},"modified":"2026-02-17T11:14:55","modified_gmt":"2026-02-17T11:14:55","slug":"politica-privacidad","status":"publish","type":"page","link":"https:\/\/irenepalomares.com\/en\/politica-privacidad\/","title":{"rendered":"Privacy Policy"},"content":{"rendered":"<div data-elementor-type=\"wp-page\" data-elementor-id=\"3\" class=\"elementor elementor-3\" data-elementor-post-type=\"page\">\n\t\t\t\t<div data-particle_enable=\"false\" data-particle-mobile-disabled=\"false\" class=\"elementor-element elementor-element-6d8a5037 e-flex e-con-boxed e-con e-parent\" data-id=\"6d8a5037\" data-element_type=\"container\" data-e-type=\"container\">\n\t\t\t\t\t<div class=\"e-con-inner\">\n\t\t\t\t<div class=\"elementor-element elementor-element-668a3a22 elementor-widget elementor-widget-text-editor\" data-id=\"668a3a22\" data-element_type=\"widget\" data-e-type=\"widget\" data-widget_type=\"text-editor.default\">\n\t\t\t\t<div class=\"elementor-widget-container\">\n\t\t\t\t\t\t\t\t\t\n<section id=\"content\">\n<p>Irene Palomares Gallego is committed to ensuring that your privacy is protected. This privacy policy explains how we use the personal information we collect through our website and other digital channels, in compliance with the General Data Protection Regulation (GDPR) (EU 2016\/679) and Organic Law 3\/2018, on the Protection of Personal Data and Guarantee of Digital Rights (LOPDGDD).<\/p>\n<h4 class=\"wp-block-heading\">Data Controller<\/h4>\n<ul>\n<li><strong>Responsible<\/strong>: Irene Palomares Galician<\/li>\n<li><strong>NIF<\/strong>: 03930962D<\/li>\n<li><strong>Registered office<\/strong>: 28660 \u2013 Boadilla del Monte<\/li>\n<li><strong>Email<\/strong>: <a href=\"mailto:ipgallego@icloud.com\">ipgallego@icloud.com<\/a><\/li>\n<\/ul>\n<h4>What information we collect<\/h4>\n<p>We may collect the following personal information:<\/p>\n<ul>\n<li>Name and surname<\/li>\n<li>Contact information, including email address and phone number<\/li>\n<li>Demographic information, such as postal code, preferences and interests<\/li>\n<li>Technical information such as IP address, browser type, and browsing data (cookies)<\/li>\n<\/ul>\n<h4>Purpose of Data Processing<\/h4>\n<p>We collect this information to provide better services and, in particular, for the following reasons:<\/p>\n<ul>\n<li><strong>Management consultations<\/strong>: To respond to questions, requests, or provide information.<\/li>\n<li><strong>Improvement of our products and services<\/strong>: We use the data for internal analysis.<\/li>\n<li><strong>Commercial communications<\/strong>: With your express consent, we may send you promotional information about products, services or events that we believe may be of interest to you.<\/li>\n<li><strong>Compliance with legal obligations.<\/strong>: When necessary, we will process your data in order to comply with our legal obligations.<\/li>\n<\/ul>\n<h4>Legitimation for the Treatment of the Data<\/h4>\n<p>The legal basis for the processing of your data is the <strong>explicit consent<\/strong> provided by you when you accept this privacy policy and by providing us with your personal information.<\/p>\n<h4>Rights of Users<\/h4>\n<p>As a holder of personal data, you have the right to:<\/p>\n<ul>\n<li><strong>Access<\/strong> your personal data.<\/li>\n<li><strong>Rectify<\/strong> any incorrect or incomplete.<\/li>\n<li><strong>To request the deletion<\/strong> of your data when no longer needed for the purposes for which they were collected.<\/li>\n<li><strong>Limit the treatment<\/strong> your data under certain circumstances.<\/li>\n<li><strong>Oppose<\/strong> the processing of your data for marketing purposes.<\/li>\n<li><strong>Strip<\/strong> their data to another responsible when technically possible.<\/li>\n<\/ul>\n<p>You can exercise these rights by sending an e-mail to <a href=\"mailto:ipgallego@icloud.com\">ipgallego@icloud.com<\/a> \u00a0or by mail at our address listed above. In all cases, you must include a copy of your identity document to verify your identity.<\/p>\n<h4>Security of Data<\/h4>\n<p>Irene Palomares Gallego is committed to ensuring that your information is secure. To prevent unauthorized access or disclosure of your personal data, we have security measures in place physical, electronic, and administrative action.<\/p>\n<h4>Use of Cookies<\/h4>\n<p>Our website uses cookies to collect technical information and enhance your user experience. For more details on how we use the cookies, please refer to our <strong>Cookies Policy<\/strong>.<\/p>\n<h4>Retention of Data<\/h4>\n<p>Your personal data will be kept as long as there is a business relationship or until you request its suppression by the interested party, provided in compliance with the time limits set by the regulations in force.<\/p>\n<h4>Changes in the Privacy Policy<\/h4>\n<p>Irene Palomares Galician reserves the right to modify this privacy policy at any time. Any change will be communicated through this website.<\/p>\n<h4>Contact<\/h4>\n<p>If you have any questions about this privacy policy or about how we handle your personal data, you can contact with us through <a href=\"mailto:ipgallego@icloud.com\">ipgallego@icloud.com\u00a0<\/a><\/p>\n<\/section>\t\t\t\t\t\t\t\t<\/div>\n\t\t\t\t<\/div>\n\t\t\t\t\t<\/div>\n\t\t\t\t<\/div>\n\t\t\t\t<\/div>","protected":false},"excerpt":{"rendered":"<p>Irene Palomares Gallego se compromete a garantizar que su privacidad est\u00e9 protegida. Esta pol\u00edtica de privacidad explica c\u00f3mo usamos la informaci\u00f3n personal que recopilamos a trav\u00e9s de nuestro sitio web y otros canales digitales, en cumplimiento con el Reglamento General de Protecci\u00f3n de Datos (RGPD) (UE 2016\/679) y la Ley Org\u00e1nica 3\/2018, de Protecci\u00f3n de [&hellip;]<\/p>\n","protected":false},"author":1,"featured_media":0,"parent":0,"menu_order":0,"comment_status":"closed","ping_status":"open","template":"","meta":{"pmpro_default_level":"","site-sidebar-layout":"default","site-content-layout":"","ast-site-content-layout":"default","site-content-style":"default","site-sidebar-style":"default","ast-global-header-display":"","ast-banner-title-visibility":"","ast-main-header-display":"","ast-hfb-above-header-display":"","ast-hfb-below-header-display":"","ast-hfb-mobile-header-display":"","site-post-title":"disabled","ast-breadcrumbs-content":"","ast-featured-img":"","footer-sml-layout":"","ast-disable-related-posts":"","theme-transparent-header-meta":"default","adv-header-id-meta":"","stick-header-meta":"","header-above-stick-meta":"","header-main-stick-meta":"","header-below-stick-meta":"","astra-migrate-meta-layouts":"set","ast-page-background-enabled":"default","ast-page-background-meta":{"desktop":{"background-color":"var(--ast-global-color-4)","background-image":"","background-repeat":"repeat","background-position":"center center","background-size":"auto","background-attachment":"scroll","background-type":"","background-media":"","overlay-type":"","overlay-color":"","overlay-opacity":"","overlay-gradient":""},"tablet":{"background-color":"","background-image":"","background-repeat":"repeat","background-position":"center center","background-size":"auto","background-attachment":"scroll","background-type":"","background-media":"","overlay-type":"","overlay-color":"","overlay-opacity":"","overlay-gradient":""},"mobile":{"background-color":"","background-image":"","background-repeat":"repeat","background-position":"center center","background-size":"auto","background-attachment":"scroll","background-type":"","background-media":"","overlay-type":"","overlay-color":"","overlay-opacity":"","overlay-gradient":""}},"ast-content-background-meta":{"desktop":{"background-color":"var(--ast-global-color-5)","background-image":"","background-repeat":"repeat","background-position":"center center","background-size":"auto","background-attachment":"scroll","background-type":"","background-media":"","overlay-type":"","overlay-color":"","overlay-opacity":"","overlay-gradient":""},"tablet":{"background-color":"var(--ast-global-color-5)","background-image":"","background-repeat":"repeat","background-position":"center center","background-size":"auto","background-attachment":"scroll","background-type":"","background-media":"","overlay-type":"","overlay-color":"","overlay-opacity":"","overlay-gradient":""},"mobile":{"background-color":"var(--ast-global-color-5)","background-image":"","background-repeat":"repeat","background-position":"center center","background-size":"auto","background-attachment":"scroll","background-type":"","background-media":"","overlay-type":"","overlay-color":"","overlay-opacity":"","overlay-gradient":""}},"footnotes":""},"class_list":["post-3","page","type-page","status-publish","hentry","pmpro-has-access"],"yoast_head":"<!-- This site is optimized with the Yoast SEO plugin v27.3 - https:\/\/yoast.com\/product\/yoast-seo-wordpress\/ -->\n<title>Pol\u00edtica de Privacidad - Irene Palomares | Bailarina de Salsa Profesional<\/title>\n<meta name=\"robots\" content=\"noindex, follow\" \/>\n<meta property=\"og:locale\" content=\"en_US\" \/>\n<meta property=\"og:type\" content=\"article\" \/>\n<meta property=\"og:title\" content=\"Pol\u00edtica de Privacidad - Irene Palomares | Bailarina de Salsa Profesional\" \/>\n<meta property=\"og:description\" content=\"Irene Palomares Gallego se compromete a garantizar que su privacidad est\u00e9 protegida. Esta pol\u00edtica de privacidad explica c\u00f3mo usamos la informaci\u00f3n personal que recopilamos a trav\u00e9s de nuestro sitio web y otros canales digitales, en cumplimiento con el Reglamento General de Protecci\u00f3n de Datos (RGPD) (UE 2016\/679) y la Ley Org\u00e1nica 3\/2018, de Protecci\u00f3n de [&hellip;]\" \/>\n<meta property=\"og:url\" content=\"https:\/\/irenepalomares.com\/en\/politica-privacidad\/\" \/>\n<meta property=\"og:site_name\" content=\"Irene Palomares | Bailarina de Salsa Profesional\" \/>\n<meta property=\"article:modified_time\" content=\"2026-02-17T11:14:55+00:00\" \/>\n<meta name=\"twitter:card\" content=\"summary_large_image\" \/>\n<meta name=\"twitter:label1\" content=\"Est. reading time\" \/>\n\t<meta name=\"twitter:data1\" content=\"3 minutes\" \/>\n<script type=\"application\/ld+json\" class=\"yoast-schema-graph\">{\"@context\":\"https:\\\/\\\/schema.org\",\"@graph\":[{\"@type\":\"WebPage\",\"@id\":\"https:\\\/\\\/irenepalomares.com\\\/politica-privacidad\\\/\",\"url\":\"https:\\\/\\\/irenepalomares.com\\\/politica-privacidad\\\/\",\"name\":\"Pol\u00edtica de Privacidad - Irene Palomares | Bailarina de Salsa Profesional\",\"isPartOf\":{\"@id\":\"https:\\\/\\\/irenepalomares.com\\\/#website\"},\"datePublished\":\"2024-08-28T12:05:53+00:00\",\"dateModified\":\"2026-02-17T11:14:55+00:00\",\"breadcrumb\":{\"@id\":\"https:\\\/\\\/irenepalomares.com\\\/politica-privacidad\\\/#breadcrumb\"},\"inLanguage\":\"en-US\",\"potentialAction\":[{\"@type\":\"ReadAction\",\"target\":[\"https:\\\/\\\/irenepalomares.com\\\/politica-privacidad\\\/\"]}]},{\"@type\":\"BreadcrumbList\",\"@id\":\"https:\\\/\\\/irenepalomares.com\\\/politica-privacidad\\\/#breadcrumb\",\"itemListElement\":[{\"@type\":\"ListItem\",\"position\":1,\"name\":\"Portada\",\"item\":\"https:\\\/\\\/irenepalomares.com\\\/\"},{\"@type\":\"ListItem\",\"position\":2,\"name\":\"Pol\u00edtica de Privacidad\"}]},{\"@type\":\"WebSite\",\"@id\":\"https:\\\/\\\/irenepalomares.com\\\/#website\",\"url\":\"https:\\\/\\\/irenepalomares.com\\\/\",\"name\":\"Irene Palomares | Bailarina de Salsa Profesional\",\"description\":\"Bailarina de salsa profesional. Clases presenciales, online en directo y online en diferido, para que aprendas a tu ritmo y disfrutes del baile donde y cuando quieras.\",\"publisher\":{\"@id\":\"https:\\\/\\\/irenepalomares.com\\\/#organization\"},\"potentialAction\":[{\"@type\":\"SearchAction\",\"target\":{\"@type\":\"EntryPoint\",\"urlTemplate\":\"https:\\\/\\\/irenepalomares.com\\\/?s={search_term_string}\"},\"query-input\":{\"@type\":\"PropertyValueSpecification\",\"valueRequired\":true,\"valueName\":\"search_term_string\"}}],\"inLanguage\":\"en-US\"},{\"@type\":\"Organization\",\"@id\":\"https:\\\/\\\/irenepalomares.com\\\/#organization\",\"name\":\"Irene Palomares | Bailarina de Salsa Profesional\",\"url\":\"https:\\\/\\\/irenepalomares.com\\\/\",\"logo\":{\"@type\":\"ImageObject\",\"inLanguage\":\"en-US\",\"@id\":\"https:\\\/\\\/irenepalomares.com\\\/#\\\/schema\\\/logo\\\/image\\\/\",\"url\":\"https:\\\/\\\/irenepalomares.com\\\/wp-content\\\/uploads\\\/2025\\\/10\\\/Mesa-de-trabajo-9-8.png\",\"contentUrl\":\"https:\\\/\\\/irenepalomares.com\\\/wp-content\\\/uploads\\\/2025\\\/10\\\/Mesa-de-trabajo-9-8.png\",\"width\":803,\"height\":308,\"caption\":\"Irene Palomares | Bailarina de Salsa Profesional\"},\"image\":{\"@id\":\"https:\\\/\\\/irenepalomares.com\\\/#\\\/schema\\\/logo\\\/image\\\/\"}}]}<\/script>\n<!-- \/ Yoast SEO plugin. -->","yoast_head_json":{"title":"Pol\u00edtica de Privacidad - Irene Palomares | Bailarina de Salsa Profesional","robots":{"index":"noindex","follow":"follow"},"og_locale":"en_US","og_type":"article","og_title":"Pol\u00edtica de Privacidad - Irene Palomares | Bailarina de Salsa Profesional","og_description":"Irene Palomares Gallego se compromete a garantizar que su privacidad est\u00e9 protegida. Esta pol\u00edtica de privacidad explica c\u00f3mo usamos la informaci\u00f3n personal que recopilamos a trav\u00e9s de nuestro sitio web y otros canales digitales, en cumplimiento con el Reglamento General de Protecci\u00f3n de Datos (RGPD) (UE 2016\/679) y la Ley Org\u00e1nica 3\/2018, de Protecci\u00f3n de [&hellip;]","og_url":"https:\/\/irenepalomares.com\/en\/politica-privacidad\/","og_site_name":"Irene Palomares | Bailarina de Salsa Profesional","article_modified_time":"2026-02-17T11:14:55+00:00","twitter_card":"summary_large_image","twitter_misc":{"Est. reading time":"3 minutes"},"schema":{"@context":"https:\/\/schema.org","@graph":[{"@type":"WebPage","@id":"https:\/\/irenepalomares.com\/politica-privacidad\/","url":"https:\/\/irenepalomares.com\/politica-privacidad\/","name":"Pol\u00edtica de Privacidad - Irene Palomares | Bailarina de Salsa Profesional","isPartOf":{"@id":"https:\/\/irenepalomares.com\/#website"},"datePublished":"2024-08-28T12:05:53+00:00","dateModified":"2026-02-17T11:14:55+00:00","breadcrumb":{"@id":"https:\/\/irenepalomares.com\/politica-privacidad\/#breadcrumb"},"inLanguage":"en-US","potentialAction":[{"@type":"ReadAction","target":["https:\/\/irenepalomares.com\/politica-privacidad\/"]}]},{"@type":"BreadcrumbList","@id":"https:\/\/irenepalomares.com\/politica-privacidad\/#breadcrumb","itemListElement":[{"@type":"ListItem","position":1,"name":"Portada","item":"https:\/\/irenepalomares.com\/"},{"@type":"ListItem","position":2,"name":"Pol\u00edtica de Privacidad"}]},{"@type":"WebSite","@id":"https:\/\/irenepalomares.com\/#website","url":"https:\/\/irenepalomares.com\/","name":"Irene Palomares | Bailarina de Salsa Profesional","description":"Bailarina de salsa profesional. Clases presenciales, online en directo y online en diferido, para que aprendas a tu ritmo y disfrutes del baile donde y cuando quieras.","publisher":{"@id":"https:\/\/irenepalomares.com\/#organization"},"potentialAction":[{"@type":"SearchAction","target":{"@type":"EntryPoint","urlTemplate":"https:\/\/irenepalomares.com\/?s={search_term_string}"},"query-input":{"@type":"PropertyValueSpecification","valueRequired":true,"valueName":"search_term_string"}}],"inLanguage":"en-US"},{"@type":"Organization","@id":"https:\/\/irenepalomares.com\/#organization","name":"Irene Palomares | Bailarina de Salsa Profesional","url":"https:\/\/irenepalomares.com\/","logo":{"@type":"ImageObject","inLanguage":"en-US","@id":"https:\/\/irenepalomares.com\/#\/schema\/logo\/image\/","url":"https:\/\/irenepalomares.com\/wp-content\/uploads\/2025\/10\/Mesa-de-trabajo-9-8.png","contentUrl":"https:\/\/irenepalomares.com\/wp-content\/uploads\/2025\/10\/Mesa-de-trabajo-9-8.png","width":803,"height":308,"caption":"Irene Palomares | Bailarina de Salsa Profesional"},"image":{"@id":"https:\/\/irenepalomares.com\/#\/schema\/logo\/image\/"}}]}},"_links":{"self":[{"href":"https:\/\/irenepalomares.com\/en\/wp-json\/wp\/v2\/pages\/3","targetHints":{"allow":["GET"]}}],"collection":[{"href":"https:\/\/irenepalomares.com\/en\/wp-json\/wp\/v2\/pages"}],"about":[{"href":"https:\/\/irenepalomares.com\/en\/wp-json\/wp\/v2\/types\/page"}],"author":[{"embeddable":true,"href":"https:\/\/irenepalomares.com\/en\/wp-json\/wp\/v2\/users\/1"}],"replies":[{"embeddable":true,"href":"https:\/\/irenepalomares.com\/en\/wp-json\/wp\/v2\/comments?post=3"}],"version-history":[{"count":15,"href":"https:\/\/irenepalomares.com\/en\/wp-json\/wp\/v2\/pages\/3\/revisions"}],"predecessor-version":[{"id":3729,"href":"https:\/\/irenepalomares.com\/en\/wp-json\/wp\/v2\/pages\/3\/revisions\/3729"}],"wp:attachment":[{"href":"https:\/\/irenepalomares.com\/en\/wp-json\/wp\/v2\/media?parent=3"}],"curies":[{"name":"wp","href":"https:\/\/api.w.org\/{rel}","templated":true}]}}